{"id":223,"date":"2011-09-11T00:42:35","date_gmt":"2011-09-10T23:42:35","guid":{"rendered":"http:\/\/www.senecacf.net\/?page_id=223"},"modified":"2015-06-13T12:46:34","modified_gmt":"2015-06-13T10:46:34","slug":"contacto-2","status":"publish","type":"page","link":"https:\/\/www.senecacf.net\/senecacfnet\/contacto-2\/","title":{"rendered":"Contacto"},"content":{"rendered":"<p>Secretar\u00eda T\u00e9cnica<\/p>\n<p>Direcci\u00f3n: Instalaciones Deportivas Enrrique Puga. Pasaje Platero Alcantara<br \/>\nTel\u00e9fono: 957752175<br \/>\nFax: 957752175<\/p>\n<p><a href=\"https:\/\/www.senecacf.net\/senecacfnet\/wp-content\/uploads\/2011\/09\/mapa1.jpg\"><img loading=\"lazy\" decoding=\"async\" class=\"aligncenter size-full wp-image-360\" title=\"mapa\" src=\"https:\/\/www.senecacf.net\/senecacfnet\/wp-content\/uploads\/2011\/09\/mapa1.jpg\" alt=\"\" width=\"800\" height=\"600\" srcset=\"https:\/\/www.senecacf.net\/senecacfnet\/wp-content\/uploads\/2011\/09\/mapa1.jpg 800w, https:\/\/www.senecacf.net\/senecacfnet\/wp-content\/uploads\/2011\/09\/mapa1-600x450.jpg 600w, https:\/\/www.senecacf.net\/senecacfnet\/wp-content\/uploads\/2011\/09\/mapa1-300x225.jpg 300w\" sizes=\"(max-width: 800px) 100vw, 800px\" \/><\/a><\/p>\n<p>&nbsp;<\/p>\n<p><!--cforms name=\"Formulario Contacto\"--><\/p>\n","protected":false},"excerpt":{"rendered":"<p>Secretar\u00eda T\u00e9cnica Direcci\u00f3n: Instalaciones Deportivas Enrrique Puga. Pasaje Platero Alcantara Tel\u00e9fono: 957752175 Fax: 957752175 &nbsp;<\/p>\n","protected":false},"author":1,"featured_media":0,"parent":0,"menu_order":5,"comment_status":"closed","ping_status":"open","template":"","meta":{"footnotes":""},"_links":{"self":[{"href":"https:\/\/www.senecacf.net\/senecacfnet\/wp-json\/wp\/v2\/pages\/223"}],"collection":[{"href":"https:\/\/www.senecacf.net\/senecacfnet\/wp-json\/wp\/v2\/pages"}],"about":[{"href":"https:\/\/www.senecacf.net\/senecacfnet\/wp-json\/wp\/v2\/types\/page"}],"author":[{"embeddable":true,"href":"https:\/\/www.senecacf.net\/senecacfnet\/wp-json\/wp\/v2\/users\/1"}],"replies":[{"embeddable":true,"href":"https:\/\/www.senecacf.net\/senecacfnet\/wp-json\/wp\/v2\/comments?post=223"}],"version-history":[{"count":7,"href":"https:\/\/www.senecacf.net\/senecacfnet\/wp-json\/wp\/v2\/pages\/223\/revisions"}],"predecessor-version":[{"id":2298,"href":"https:\/\/www.senecacf.net\/senecacfnet\/wp-json\/wp\/v2\/pages\/223\/revisions\/2298"}],"wp:attachment":[{"href":"https:\/\/www.senecacf.net\/senecacfnet\/wp-json\/wp\/v2\/media?parent=223"}],"curies":[{"name":"wp","href":"https:\/\/api.w.org\/{rel}","templated":true}]}}