{"id":2261,"date":"2014-12-03T00:15:39","date_gmt":"2014-12-02T23:15:39","guid":{"rendered":"http:\/\/www.senecacf.net\/?page_id=2261"},"modified":"2015-06-13T12:46:34","modified_gmt":"2015-06-13T10:46:34","slug":"alvaro-medran-just","status":"publish","type":"page","link":"https:\/\/www.senecacf.net\/senecacfnet\/el-rincon-de-manolin-cuesta\/con-pasado-rojinegro\/alvaro-medran-just\/","title":{"rendered":"\u00c1lvaro Medr\u00e1n Just"},"content":{"rendered":"<p>&nbsp;<\/p>\n<p>&nbsp;<\/p>\n<p><a href=\"https:\/\/www.senecacf.net\/senecacfnet\/wp-content\/uploads\/2014\/12\/alvaro.jpeg\"><img loading=\"lazy\" decoding=\"async\" class=\"aligncenter  wp-image-2262\" src=\"https:\/\/www.senecacf.net\/senecacfnet\/wp-content\/uploads\/2014\/12\/alvaro.jpeg\" alt=\"alvaro\" width=\"153\" height=\"181\" srcset=\"https:\/\/www.senecacf.net\/senecacfnet\/wp-content\/uploads\/2014\/12\/alvaro.jpeg 380w, https:\/\/www.senecacf.net\/senecacfnet\/wp-content\/uploads\/2014\/12\/alvaro-253x300.jpeg 253w\" sizes=\"(max-width: 153px) 100vw, 153px\" \/><\/a><\/p>\n<p><b>\u00c1lvaro Medr\u00e1n Just<\/b> (<a title=\"Dos Torres\" href=\"http:\/\/es.wikipedia.org\/wiki\/Dos_Torres\">Dos Torres<\/a> (<a title=\"Provincia de C\u00f3rdoba (Espa\u00f1a)\" href=\"http:\/\/es.wikipedia.org\/wiki\/Provincia_de_C%C3%B3rdoba_(Espa%C3%B1a)\">C\u00f3rdoba<\/a>), <a class=\"mw-redirect\" title=\"15 de Marzo\" href=\"http:\/\/es.wikipedia.org\/wiki\/15_de_Marzo\">15 de Marzo<\/a> de 1994)<\/p>\n<p>Formado en la cantera del S\u00e9neca C.F. esta comenzando su andadura profesional en el Real Madrid Castilla, alternando encuentros en el Real Madrid C.F. de la primera divisi\u00f3n Espa\u00f1ola.<\/p>\n<p>En verano del 2011, se incorpora en la cantera del Real Madrid incorporandose al Juvenil B. En Febrero del 2013 debuto en Segunda Divisi\u00f3n A con el Real Madrid Castilla, culminando su sue\u00f1o en Julio de 2014 siendo citado en la pretemporada del primer equipo.<\/p>\n<h2><span id=\"Clubes\" class=\"mw-headline\">Clubes<\/span><\/h2>\n<table border=\"1\" cellspacing=\"0\" cellpadding=\"3\" align=\"center\" bgcolor=\"#F7F8FF\">\n<tbody>\n<tr align=\"center\" bgcolor=\"#DDDDDD\">\n<th width=\"180\">Club<\/th>\n<th width=\"100\">Pa\u00eds<\/th>\n<th width=\"90\">A\u00f1o<\/th>\n<\/tr>\n<tr align=\"center\">\n<td>Real Madrid Club de F\u00fatbol<\/td>\n<td><img loading=\"lazy\" decoding=\"async\" class=\"thumbborder\" src=\"http:\/\/upload.wikimedia.org\/wikipedia\/commons\/thumb\/9\/9a\/Flag_of_Spain.svg\/20px-Flag_of_Spain.svg.png\" alt=\"Flag of Spain.svg\" width=\"20\" height=\"13\" data-file-width=\"750\" data-file-height=\"500\" \/>\u00a0Espa\u00f1a<\/td>\n<td>2013 &#8211; Presente<\/td>\n<\/tr>\n<\/tbody>\n<\/table>\n<h2><span id=\"Palmar.C3.A9s\" class=\"mw-headline\">Palmar\u00e9s<\/span><\/h2>\n<h3><span id=\"Campeonatos_juveniles\" class=\"mw-headline\">Campeonatos juveniles<\/span><\/h3>\n<table border=\"1\" cellspacing=\"0\" cellpadding=\"3\" align=\"center\" bgcolor=\"#F7F8FF\">\n<tbody>\n<tr align=\"center\" bgcolor=\"#DDDDDD\">\n<th width=\"250\">T\u00edtulo<\/th>\n<th width=\"180\">Club<\/th>\n<th width=\"120\">Pa\u00eds<\/th>\n<th width=\"70\">A\u00f1o<\/th>\n<\/tr>\n<tr align=\"center\">\n<td>Divisi\u00f3n de Honor Juvenil<\/td>\n<td>Real Madrid \u00bbC\u00bb<\/td>\n<td><span class=\"flagicon\"><img loading=\"lazy\" decoding=\"async\" class=\"thumbborder\" src=\"http:\/\/upload.wikimedia.org\/wikipedia\/commons\/thumb\/9\/9a\/Flag_of_Spain.svg\/20px-Flag_of_Spain.svg.png\" alt=\"Bandera de Espa\u00f1a\" width=\"20\" height=\"13\" data-file-width=\"750\" data-file-height=\"500\" \/><\/span> Espa\u00f1a<\/td>\n<td>2012-2013<\/td>\n<\/tr>\n<tr align=\"center\">\n<td>Copa del Rey Juvenil de F\u00fatbol<\/td>\n<td>Real Madrid Castilla<\/td>\n<td><span class=\"flagicon\"><img loading=\"lazy\" decoding=\"async\" class=\"thumbborder\" src=\"http:\/\/upload.wikimedia.org\/wikipedia\/commons\/thumb\/9\/9a\/Flag_of_Spain.svg\/20px-Flag_of_Spain.svg.png\" alt=\"Bandera de Espa\u00f1a\" width=\"20\" height=\"13\" data-file-width=\"750\" data-file-height=\"500\" \/><\/span> Espa\u00f1a<\/td>\n<td>2012-2013<\/td>\n<\/tr>\n<\/tbody>\n<\/table>\n<h3><span id=\"Distinciones_Individuales\" class=\"mw-headline\">Distinciones Individuales<\/span><\/h3>\n<table border=\"1\" cellspacing=\"0\" cellpadding=\"3\" align=\"center\" bgcolor=\"#F7F8FF\">\n<tbody>\n<tr align=\"center\" bgcolor=\"#DDDDDD\">\n<th width=\"550\">Distinci\u00f3n<\/th>\n<th width=\"130\">A\u00f1o<\/th>\n<\/tr>\n<tr align=\"center\">\n<td>Candidato a Mejor Mediocentro Izquierdo por los premios F\u00fatbol Draft (lista de 132)<\/td>\n<td>2013<\/td>\n<\/tr>\n<tr align=\"center\">\n<td>Candidato a Mejor Mediocentro Izquierdo por los premios F\u00fatbol Draft (lista de 55) [en curso]<\/td>\n<td>2014<\/td>\n<\/tr>\n<\/tbody>\n<\/table>\n<p>&nbsp;<\/p>\n","protected":false},"excerpt":{"rendered":"<p>&nbsp; &nbsp; \u00c1lvaro Medr\u00e1n Just (Dos Torres (C\u00f3rdoba), 15 de Marzo de 1994) Formado en la cantera del S\u00e9neca C.F. esta comenzando su andadura profesional en el Real Madrid Castilla, alternando encuentros en el Real Madrid C.F. de la primera divisi\u00f3n Espa\u00f1ola. En verano del 2011, se incorpora en la cantera del Real Madrid incorporandose<\/p><\/div>\n<div class=\"blog-btn\"><a href=\"https:\/\/www.senecacf.net\/senecacfnet\/el-rincon-de-manolin-cuesta\/con-pasado-rojinegro\/alvaro-medran-just\/\" class=\"home-blog-btn\">Leer m\u00e1s<\/a><\/p>\n","protected":false},"author":1,"featured_media":0,"parent":301,"menu_order":0,"comment_status":"closed","ping_status":"closed","template":"","meta":{"footnotes":""},"_links":{"self":[{"href":"https:\/\/www.senecacf.net\/senecacfnet\/wp-json\/wp\/v2\/pages\/2261"}],"collection":[{"href":"https:\/\/www.senecacf.net\/senecacfnet\/wp-json\/wp\/v2\/pages"}],"about":[{"href":"https:\/\/www.senecacf.net\/senecacfnet\/wp-json\/wp\/v2\/types\/page"}],"author":[{"embeddable":true,"href":"https:\/\/www.senecacf.net\/senecacfnet\/wp-json\/wp\/v2\/users\/1"}],"replies":[{"embeddable":true,"href":"https:\/\/www.senecacf.net\/senecacfnet\/wp-json\/wp\/v2\/comments?post=2261"}],"version-history":[{"count":4,"href":"https:\/\/www.senecacf.net\/senecacfnet\/wp-json\/wp\/v2\/pages\/2261\/revisions"}],"predecessor-version":[{"id":2311,"href":"https:\/\/www.senecacf.net\/senecacfnet\/wp-json\/wp\/v2\/pages\/2261\/revisions\/2311"}],"up":[{"embeddable":true,"href":"https:\/\/www.senecacf.net\/senecacfnet\/wp-json\/wp\/v2\/pages\/301"}],"wp:attachment":[{"href":"https:\/\/www.senecacf.net\/senecacfnet\/wp-json\/wp\/v2\/media?parent=2261"}],"curies":[{"name":"wp","href":"https:\/\/api.w.org\/{rel}","templated":true}]}}