{"id":301,"date":"2011-09-22T01:24:15","date_gmt":"2011-09-22T00:24:15","guid":{"rendered":"http:\/\/www.senecacf.net\/?page_id=301"},"modified":"2022-02-02T18:46:15","modified_gmt":"2022-02-02T17:46:15","slug":"con-pasado-rojinegro","status":"publish","type":"page","link":"https:\/\/www.senecacf.net\/senecacfnet\/el-rincon-de-manolin-cuesta\/con-pasado-rojinegro\/","title":{"rendered":"Pasado Rojinegro"},"content":{"rendered":"<p style=\"text-align: center;\">Alfonso Pedraza<\/p>\n<p style=\"text-align: center;\"><img loading=\"lazy\" decoding=\"async\" class=\"aligncenter  wp-image-3358\" src=\"https:\/\/www.senecacf.net\/senecacfnet\/wp-content\/uploads\/2022\/02\/Pedraza.jpeg\" alt=\"\" width=\"156\" height=\"128\" srcset=\"https:\/\/www.senecacf.net\/senecacfnet\/wp-content\/uploads\/2022\/02\/Pedraza.jpeg 248w, https:\/\/www.senecacf.net\/senecacfnet\/wp-content\/uploads\/2022\/02\/Pedraza-128x105.jpeg 128w, https:\/\/www.senecacf.net\/senecacfnet\/wp-content\/uploads\/2022\/02\/Pedraza-32x26.jpeg 32w\" sizes=\"(max-width: 156px) 100vw, 156px\" \/><\/p>\n<p style=\"text-align: center;\"><a href=\"http:\/\/www.senecacf.net\/?page_id=342\">Alberto Toril<\/a><\/p>\n<p style=\"text-align: center;\"><a href=\"https:\/\/www.senecacf.net\/senecacfnet\/wp-content\/uploads\/2011\/09\/images-12.jpeg\"><img loading=\"lazy\" decoding=\"async\" class=\"size-thumbnail wp-image-353 alignnone\" title=\"images (1)\" src=\"https:\/\/www.senecacf.net\/senecacfnet\/wp-content\/uploads\/2011\/09\/images-12-150x150.jpg\" alt=\"\" width=\"150\" height=\"150\" srcset=\"https:\/\/www.senecacf.net\/senecacfnet\/wp-content\/uploads\/2011\/09\/images-12-150x150.jpg 150w, https:\/\/www.senecacf.net\/senecacfnet\/wp-content\/uploads\/2011\/09\/images-12-100x100.jpeg 100w\" sizes=\"(max-width: 150px) 100vw, 150px\" \/><\/a><\/p>\n<p style=\"text-align: center;\"><a href=\"http:\/\/www.senecacf.net\/?page_id=309\">RUB\u00c9N DE LA CUESTA VERA<\/a><\/p>\n<p style=\"text-align: center;\"><a href=\"https:\/\/www.senecacf.net\/senecacfnet\/wp-content\/uploads\/2011\/09\/ruben-lucena-guadala1.jpg\"><img loading=\"lazy\" decoding=\"async\" title=\"ruben-lucena-guadala\" src=\"https:\/\/www.senecacf.net\/senecacfnet\/wp-content\/uploads\/2011\/09\/ruben-lucena-guadala1.jpg\" alt=\"\" width=\"109\" height=\"120\" \/><\/a><\/p>\n<p style=\"text-align: center;\"><a href=\"http:\/\/www.senecacf.net\/?page_id=314\">GASPAR G\u00c1LVEZ BURGOS<\/a><\/p>\n<p style=\"text-align: center;\"><a href=\"https:\/\/www.senecacf.net\/senecacfnet\/wp-content\/uploads\/2011\/09\/Gaspar1.jpg\"><img loading=\"lazy\" decoding=\"async\" class=\"size-full wp-image-302 alignnone\" title=\"Gaspar\" src=\"https:\/\/www.senecacf.net\/senecacfnet\/wp-content\/uploads\/2011\/09\/Gaspar1.jpg\" alt=\"\" width=\"106\" height=\"120\" \/><\/a><\/p>\n<p style=\"text-align: center;\"><a href=\"http:\/\/www.senecacf.net\/?page_id=319\">Rafael Clavero Prados<\/a><\/p>\n<p style=\"text-align: center;\"><a href=\"https:\/\/www.senecacf.net\/senecacfnet\/wp-content\/uploads\/2011\/09\/clavero_33b24b7f1.jpg\"><img loading=\"lazy\" decoding=\"async\" class=\"size-thumbnail wp-image-324 alignnone\" title=\"_clavero_33b24b7f\" src=\"https:\/\/www.senecacf.net\/senecacfnet\/wp-content\/uploads\/2011\/09\/clavero_33b24b7f1-150x150.jpg\" alt=\"\" width=\"150\" height=\"150\" srcset=\"https:\/\/www.senecacf.net\/senecacfnet\/wp-content\/uploads\/2011\/09\/clavero_33b24b7f1-150x150.jpg 150w, https:\/\/www.senecacf.net\/senecacfnet\/wp-content\/uploads\/2011\/09\/clavero_33b24b7f1-300x300.jpg 300w, https:\/\/www.senecacf.net\/senecacfnet\/wp-content\/uploads\/2011\/09\/clavero_33b24b7f1-100x100.jpg 100w\" sizes=\"(max-width: 150px) 100vw, 150px\" \/><\/a><\/p>\n<p style=\"text-align: center;\"><a href=\"http:\/\/www.senecacf.net\/?page_id=329\">Francisco Javier Carpio Pineda<\/a><\/p>\n<p style=\"text-align: center;\"><a href=\"https:\/\/www.senecacf.net\/senecacfnet\/wp-content\/uploads\/2011\/09\/images1.jpeg\"><img loading=\"lazy\" decoding=\"async\" class=\"size-thumbnail wp-image-334 alignnone\" title=\"images\" src=\"https:\/\/www.senecacf.net\/senecacfnet\/wp-content\/uploads\/2011\/09\/images1-150x150.jpg\" alt=\"\" width=\"150\" height=\"150\" srcset=\"https:\/\/www.senecacf.net\/senecacfnet\/wp-content\/uploads\/2011\/09\/images1-150x150.jpg 150w, https:\/\/www.senecacf.net\/senecacfnet\/wp-content\/uploads\/2011\/09\/images1-100x100.jpeg 100w\" sizes=\"(max-width: 150px) 100vw, 150px\" \/><\/a><\/p>\n<p style=\"text-align: center;\"><a title=\"Alvaro Medran\" href=\"https:\/\/www.senecacf.net\/senecacfnet\/el-rincon-de-manolin-cuesta\/con-pasado-rojinegro\/alvaro-medran-just\/\">\u00c1lvaro Medr\u00e1n Just<\/a><\/p>\n<p style=\"text-align: center;\"><a href=\"https:\/\/www.senecacf.net\/senecacfnet\/wp-content\/uploads\/2014\/12\/alvaro.jpeg\"><img loading=\"lazy\" decoding=\"async\" class=\"wp-image-2262 alignnone\" src=\"https:\/\/www.senecacf.net\/senecacfnet\/wp-content\/uploads\/2014\/12\/alvaro.jpeg\" alt=\"alvaro\" width=\"154\" height=\"182\" srcset=\"https:\/\/www.senecacf.net\/senecacfnet\/wp-content\/uploads\/2014\/12\/alvaro.jpeg 380w, https:\/\/www.senecacf.net\/senecacfnet\/wp-content\/uploads\/2014\/12\/alvaro-253x300.jpeg 253w\" sizes=\"(max-width: 154px) 100vw, 154px\" \/><\/a><\/p>\n","protected":false},"excerpt":{"rendered":"<p>Alfonso Pedraza Alberto Toril RUB\u00c9N DE LA CUESTA VERA GASPAR G\u00c1LVEZ BURGOS Rafael Clavero Prados Francisco Javier Carpio Pineda \u00c1lvaro Medr\u00e1n Just<\/p>\n","protected":false},"author":1,"featured_media":0,"parent":232,"menu_order":0,"comment_status":"closed","ping_status":"closed","template":"","meta":{"footnotes":""},"_links":{"self":[{"href":"https:\/\/www.senecacf.net\/senecacfnet\/wp-json\/wp\/v2\/pages\/301"}],"collection":[{"href":"https:\/\/www.senecacf.net\/senecacfnet\/wp-json\/wp\/v2\/pages"}],"about":[{"href":"https:\/\/www.senecacf.net\/senecacfnet\/wp-json\/wp\/v2\/types\/page"}],"author":[{"embeddable":true,"href":"https:\/\/www.senecacf.net\/senecacfnet\/wp-json\/wp\/v2\/users\/1"}],"replies":[{"embeddable":true,"href":"https:\/\/www.senecacf.net\/senecacfnet\/wp-json\/wp\/v2\/comments?post=301"}],"version-history":[{"count":44,"href":"https:\/\/www.senecacf.net\/senecacfnet\/wp-json\/wp\/v2\/pages\/301\/revisions"}],"predecessor-version":[{"id":3359,"href":"https:\/\/www.senecacf.net\/senecacfnet\/wp-json\/wp\/v2\/pages\/301\/revisions\/3359"}],"up":[{"embeddable":true,"href":"https:\/\/www.senecacf.net\/senecacfnet\/wp-json\/wp\/v2\/pages\/232"}],"wp:attachment":[{"href":"https:\/\/www.senecacf.net\/senecacfnet\/wp-json\/wp\/v2\/media?parent=301"}],"curies":[{"name":"wp","href":"https:\/\/api.w.org\/{rel}","templated":true}]}}