{"id":309,"date":"2011-09-22T01:35:10","date_gmt":"2011-09-22T00:35:10","guid":{"rendered":"http:\/\/www.senecacf.net\/?page_id=309"},"modified":"2015-06-28T17:50:56","modified_gmt":"2015-06-28T15:50:56","slug":"ruben-de-la-cuesta-vera","status":"publish","type":"page","link":"https:\/\/www.senecacf.net\/senecacfnet\/el-rincon-de-manolin-cuesta\/con-pasado-rojinegro\/ruben-de-la-cuesta-vera\/","title":{"rendered":"Rub\u00e9n de la Cuesta Vera \u00abRub\u00e9n Cuesta\u00bb"},"content":{"rendered":"<p style=\"text-align: center;\"><a href=\"https:\/\/www.senecacf.net\/senecacfnet\/wp-content\/uploads\/2011\/09\/ruben01.jpg\"><img loading=\"lazy\" decoding=\"async\" class=\"size-thumbnail wp-image-310\" title=\"ruben01\" src=\"https:\/\/www.senecacf.net\/senecacfnet\/wp-content\/uploads\/2011\/09\/ruben01-150x150.jpg\" alt=\"\" width=\"150\" height=\"150\" srcset=\"https:\/\/www.senecacf.net\/senecacfnet\/wp-content\/uploads\/2011\/09\/ruben01-150x150.jpg 150w, https:\/\/www.senecacf.net\/senecacfnet\/wp-content\/uploads\/2011\/09\/ruben01-100x100.jpg 100w\" sizes=\"(max-width: 150px) 100vw, 150px\" \/><\/a><\/p>\n<p>&nbsp;<\/p>\n<p style=\"text-align: center;\">Rub\u00e9n de la Cuestas Vera \u00abRub\u00e9n Cuesta\u00bb<\/p>\n<p style=\"text-align: center;\">Naci\u00f3 en C\u00f3rdoba el 11-09-81<br \/>\nDemarcaci\u00f3n habitual: centrocampista organizador<\/p>\n<p style=\"text-align: center;\"><span style=\"text-decoration: underline;\">Trayectoria:<\/span><\/p>\n<p style=\"text-align: center;\">Equipo Actual: Lucentino<\/p>\n<p style=\"text-align: center;\">S\u00e9neca CF<br \/>\nC\u00f3rdoba B\/C\u00f3rdoba (00-02)<br \/>\n\u00c9cija (02-04)<br \/>\nAtl\u00e9tico\u00a0Madrid B (04-06)<br \/>\nZamora (06-07)<br \/>\nGuadalajara (07-11)<\/p>\n<p style=\"text-align: center;\"><!--more-->Lucentino (11-?)<\/p>\n<p style=\"text-align: left;\">Centrocampista de gran calidad t\u00e9cnica, excelente toque y especialista a bal\u00f3n parado.<br \/>\nSiempre sirve de comod\u00edn a sus compa\u00f1eros cuando la jugada se atasca. Medio organizador con mucha llegada en los \u00faltimos metros.<\/p>\n","protected":false},"excerpt":{"rendered":"<p>&nbsp; Rub\u00e9n de la Cuestas Vera \u00abRub\u00e9n Cuesta\u00bb Naci\u00f3 en C\u00f3rdoba el 11-09-81 Demarcaci\u00f3n habitual: centrocampista organizador Trayectoria: Equipo Actual: Lucentino S\u00e9neca CF C\u00f3rdoba B\/C\u00f3rdoba (00-02) \u00c9cija (02-04) Atl\u00e9tico\u00a0Madrid B (04-06) Zamora (06-07) Guadalajara (07-11)<\/p>\n","protected":false},"author":1,"featured_media":0,"parent":301,"menu_order":0,"comment_status":"closed","ping_status":"closed","template":"","meta":{"footnotes":""},"_links":{"self":[{"href":"https:\/\/www.senecacf.net\/senecacfnet\/wp-json\/wp\/v2\/pages\/309"}],"collection":[{"href":"https:\/\/www.senecacf.net\/senecacfnet\/wp-json\/wp\/v2\/pages"}],"about":[{"href":"https:\/\/www.senecacf.net\/senecacfnet\/wp-json\/wp\/v2\/types\/page"}],"author":[{"embeddable":true,"href":"https:\/\/www.senecacf.net\/senecacfnet\/wp-json\/wp\/v2\/users\/1"}],"replies":[{"embeddable":true,"href":"https:\/\/www.senecacf.net\/senecacfnet\/wp-json\/wp\/v2\/comments?post=309"}],"version-history":[{"count":4,"href":"https:\/\/www.senecacf.net\/senecacfnet\/wp-json\/wp\/v2\/pages\/309\/revisions"}],"predecessor-version":[{"id":3034,"href":"https:\/\/www.senecacf.net\/senecacfnet\/wp-json\/wp\/v2\/pages\/309\/revisions\/3034"}],"up":[{"embeddable":true,"href":"https:\/\/www.senecacf.net\/senecacfnet\/wp-json\/wp\/v2\/pages\/301"}],"wp:attachment":[{"href":"https:\/\/www.senecacf.net\/senecacfnet\/wp-json\/wp\/v2\/media?parent=309"}],"curies":[{"name":"wp","href":"https:\/\/api.w.org\/{rel}","templated":true}]}}