{"id":342,"date":"2011-09-22T02:27:58","date_gmt":"2011-09-22T01:27:58","guid":{"rendered":"http:\/\/www.senecacf.net\/?page_id=342"},"modified":"2015-06-13T12:46:34","modified_gmt":"2015-06-13T10:46:34","slug":"alberto-toril-toril","status":"publish","type":"page","link":"https:\/\/www.senecacf.net\/senecacfnet\/el-rincon-de-manolin-cuesta\/con-pasado-rojinegro\/alberto-toril-toril\/","title":{"rendered":"Alberto Toril \u00abToril\u00bb"},"content":{"rendered":"<p style=\"text-align: center;\"><a href=\"https:\/\/www.senecacf.net\/senecacfnet\/wp-content\/uploads\/2011\/09\/images-1.jpeg\"><img loading=\"lazy\" decoding=\"async\" class=\"aligncenter size-thumbnail wp-image-343\" title=\"images (1)\" src=\"https:\/\/www.senecacf.net\/senecacfnet\/wp-content\/uploads\/2011\/09\/images-1-150x150.jpg\" alt=\"\" width=\"150\" height=\"150\" srcset=\"https:\/\/www.senecacf.net\/senecacfnet\/wp-content\/uploads\/2011\/09\/images-1-150x150.jpg 150w, https:\/\/www.senecacf.net\/senecacfnet\/wp-content\/uploads\/2011\/09\/images-1-100x100.jpeg 100w\" sizes=\"(max-width: 150px) 100vw, 150px\" \/><\/a><\/p>\n<p><strong>Jos\u00e9 Alberto Toril Rodr\u00edguez<\/strong>, (Pe\u00f1arroya-Pueblonuevo,\u00a0C\u00f3rdoba,\u00a0Espa\u00f1a,\u00a07 de julio\u00a0de\u00a01973).<\/p>\n<p><!--more--><\/p>\n<p><span><span>Toril, jugador formado en las categorias inferiores del Seneca C.F. Se uni\u00f3 a\u00a0<\/span><\/span><span><span>Real Madrid<\/span><\/span><span><span>\u00a0 a la edad de 15 a\u00f1os, pero s\u00f3lo apareci\u00f3 dos veces con el primer equipo, dejando el club en 1994 y reanudar su carrera en el\u00a0<\/span><\/span><span><span>Celta de Vigo<\/span><\/span><span><span>\u00a0y\u00a0<\/span><\/span><span><span>el RCD Espanyol<\/span><\/span><span><span>\u00a0.\u00a0<\/span><span>Con este \u00faltimo, en la\u00a0<\/span><\/span><span><span>temporada 1995-96<\/span><\/span><span><span>\u00a0, experiment\u00f3 su mejor momento\u00a0<\/span><\/span><span><span>de la Liga<\/span><\/span><span><span>, apareciendo en 17 partidos. Tras su estancia en el RCD Espa\u00f1ol\u00a0<\/span><\/span><span><span>Toril firma por\u00a0<\/span><\/span><span><span>CF Extremadura<\/span><\/span><span><span>.<\/span><\/span><\/p>\n<p><span><span>Hasta su jubilaci\u00f3n en 2004 a la edad de 31 a\u00f1os, Toril jug\u00f3 cinco temporadas en el segunda Division, con Extremadura,\u00a0<\/span><\/span><span><span>Albacete Balompi\u00e9<\/span><\/span><span><span>\u00a0,\u00a0<\/span><\/span><span><span>Racing de Ferrol<\/span><\/span><span><span>\u00a0y\u00a0<\/span><\/span><span><span>Numancia CD<\/span><\/span><span><span>\u00a0, ayudando a la <\/span><\/span><span><span>vuelta a la primera divisi\u00f3n<\/span><\/span><span><span>\u00a0despu\u00e9s de una ausencia de tres a\u00f1os.<\/span><\/span><\/p>\n<p>Despu\u00e9s de retirarse se dedicar\u00eda a ser entrenador de f\u00fatbol. Actualmente entrena al\u00a0Real Madrid Castilla. Lleg\u00f3 al filial blanco a mitad de la temporada 2010\/2011. Desde su llegada, los blancos se mantuvieron invictos durante 19 partidos. El balance fue de 15 victorias, 4 empates y 0 derrotas. Gracias a estos resultados se colocaron en el tercer puesto y entraron en los playoff&#8217;s de ascenso.<\/p>\n<h2>Trayectoria<\/h2>\n<ul>\n<li><strong>1991-94<\/strong>\u00a0Real Madrid Castilla. Juega alg\u00fan partido con el primer equipo.<\/li>\n<li><strong>1994-95<\/strong>\u00a0Real Club Celta de Vigo<\/li>\n<li><strong>1995-97<\/strong>\u00a0RCD Espanyol<\/li>\n<li><strong>1997-00<\/strong>\u00a0Club de F\u00fatbol Extremadura<\/li>\n<li><strong>2000-02<\/strong>\u00a0Albacete Balompi\u00e9<\/li>\n<li><strong>2002-03<\/strong>\u00a0Racing Club de Ferrol<\/li>\n<li><strong>2003-04<\/strong>\u00a0CD Numancia<\/li>\n<\/ul>\n<h2>Palmar\u00e9s<\/h2>\n<ul>\n<li>Copa del Rey\u00a01992-93 Real Madrid<\/li>\n<li>Supercopa\u00a01993-94 Real Madrid<\/li>\n<\/ul>\n","protected":false},"excerpt":{"rendered":"<p>Jos\u00e9 Alberto Toril Rodr\u00edguez, (Pe\u00f1arroya-Pueblonuevo,\u00a0C\u00f3rdoba,\u00a0Espa\u00f1a,\u00a07 de julio\u00a0de\u00a01973).<\/p>\n","protected":false},"author":1,"featured_media":0,"parent":301,"menu_order":0,"comment_status":"closed","ping_status":"closed","template":"","meta":{"footnotes":""},"_links":{"self":[{"href":"https:\/\/www.senecacf.net\/senecacfnet\/wp-json\/wp\/v2\/pages\/342"}],"collection":[{"href":"https:\/\/www.senecacf.net\/senecacfnet\/wp-json\/wp\/v2\/pages"}],"about":[{"href":"https:\/\/www.senecacf.net\/senecacfnet\/wp-json\/wp\/v2\/types\/page"}],"author":[{"embeddable":true,"href":"https:\/\/www.senecacf.net\/senecacfnet\/wp-json\/wp\/v2\/users\/1"}],"replies":[{"embeddable":true,"href":"https:\/\/www.senecacf.net\/senecacfnet\/wp-json\/wp\/v2\/comments?post=342"}],"version-history":[{"count":5,"href":"https:\/\/www.senecacf.net\/senecacfnet\/wp-json\/wp\/v2\/pages\/342\/revisions"}],"predecessor-version":[{"id":2321,"href":"https:\/\/www.senecacf.net\/senecacfnet\/wp-json\/wp\/v2\/pages\/342\/revisions\/2321"}],"up":[{"embeddable":true,"href":"https:\/\/www.senecacf.net\/senecacfnet\/wp-json\/wp\/v2\/pages\/301"}],"wp:attachment":[{"href":"https:\/\/www.senecacf.net\/senecacfnet\/wp-json\/wp\/v2\/media?parent=342"}],"curies":[{"name":"wp","href":"https:\/\/api.w.org\/{rel}","templated":true}]}}